{"id":7118,"date":"2022-03-07T23:04:01","date_gmt":"2022-03-07T20:04:01","guid":{"rendered":"https:\/\/www.agrio.market\/?post_type=product&#038;p=7118"},"modified":"2022-03-21T15:07:36","modified_gmt":"2022-03-21T12:07:36","slug":"2016-claas-cargos-8500-yem-hasat-romorku","status":"publish","type":"product","link":"https:\/\/www.agriomarket.com\/index.php\/urun\/2016-claas-cargos-8500-yem-hasat-romorku\/","title":{"rendered":"2016 Claas Cargos 8500 Yem Hasat R\u00f6morku"},"content":{"rendered":"<p>Claas Cargos 8500 \u00e7ift ama\u00e7l\u0131 r\u00f6mork, yeni durumdad\u0131r. \u00dcretim y\u0131l\u0131 2016, Lastikler 750\/45R26.5, LED ayd\u0131nlatma sabit d\u00fcmenlemeli, \u00e7ift rotorlu, hidrolik s\u00fcspansiyonlu alt tak\u0131m, tart\u0131 sistemi, haval\u0131 frenler Makine numaras\u0131 75124<\/p>\n","protected":false},"excerpt":{"rendered":"<p>Claas Cargos 8500 \u00e7ift ama\u00e7l\u0131 r\u00f6mork, yeni durumdad\u0131r. \u00dcretim y\u0131l\u0131 2016, Lastikler 750\/45R26.5, LED ayd\u0131nlatma sabit d\u00fcmenlemeli, \u00e7ift rotorlu, hidrolik s\u00fcspansiyonlu alt tak\u0131m, tart\u0131 sistemi, haval\u0131 frenler Makine numaras\u0131 75124<\/p>\n","protected":false},"featured_media":7119,"template":"","meta":[],"product_cat":[387,212,446],"product_tag":[492,399,471,389,297,460,519,396],"class_list":{"0":"post-7118","1":"product","2":"type-product","3":"status-publish","4":"has-post-thumbnail","6":"product_brand-claas","7":"product_cat-hayvancilik-makine-ve-ekipmanlari","8":"product_cat-tarim-makine-ve-ekipmanlari","9":"product_cat-yem-hasat-makineleri","10":"product_tag-hayvancilik","11":"product_tag-hayvancilik-ekipmanlari","12":"product_tag-hayvancilik-makineleri","13":"product_tag-romorklar","14":"product_tag-yem-grubu","15":"product_tag-yem-hasat-makineleri","16":"product_tag-yem-hasat-romorku","17":"product_tag-yem-vagonlari","19":"first","20":"instock","21":"taxable","22":"shipping-taxable","23":"product-type-external","24":"col-xs-6 col-sm-4","25":"col-md-3 col-lg-3","26":"un-4-cols"},"_links":{"self":[{"href":"https:\/\/www.agriomarket.com\/index.php\/wp-json\/wp\/v2\/product\/7118","targetHints":{"allow":["GET"]}}],"collection":[{"href":"https:\/\/www.agriomarket.com\/index.php\/wp-json\/wp\/v2\/product"}],"about":[{"href":"https:\/\/www.agriomarket.com\/index.php\/wp-json\/wp\/v2\/types\/product"}],"wp:featuredmedia":[{"embeddable":true,"href":"https:\/\/www.agriomarket.com\/index.php\/wp-json\/wp\/v2\/media\/7119"}],"wp:attachment":[{"href":"https:\/\/www.agriomarket.com\/index.php\/wp-json\/wp\/v2\/media?parent=7118"}],"wp:term":[{"taxonomy":"product_cat","embeddable":true,"href":"https:\/\/www.agriomarket.com\/index.php\/wp-json\/wp\/v2\/product_cat?post=7118"},{"taxonomy":"product_tag","embeddable":true,"href":"https:\/\/www.agriomarket.com\/index.php\/wp-json\/wp\/v2\/product_tag?post=7118"}],"curies":[{"name":"wp","href":"https:\/\/api.w.org\/{rel}","templated":true}]}}