{"id":7234,"date":"2022-03-09T13:09:30","date_gmt":"2022-03-09T10:09:30","guid":{"rendered":"https:\/\/www.agrio.market\/?post_type=product&#038;p=7234"},"modified":"2023-05-23T15:01:20","modified_gmt":"2023-05-23T12:01:20","slug":"2014-pottinger-torro-5100-yem-hasat-romorku","status":"publish","type":"product","link":"https:\/\/www.agriomarket.com\/index.php\/urun\/2014-pottinger-torro-5100-yem-hasat-romorku\/","title":{"rendered":"2014 Pottinger Torro 5100 Yem Hasat R\u00f6morku"},"content":{"rendered":"<p>51m3 Kapasite, Otomatik Kesim ve Kendinden Bileme Sistemi, ISOBUS uyumlu, Y\u00fck Alg\u0131lamaya Haz\u0131r<br \/>\n39 B\u0131\u00e7ak, Swing-Out Sal\u0131n\u0131ml\u0131 B\u0131\u00e7ak \u00dcnitesi, Otomatik Y\u00fckleme,<br \/>\nA\u011f\u0131r \u00c7al\u0131\u015fmaya Uygun B\u00fcy\u00fck Boy Lastikler<br \/>\nM\u00fckemmel bir r\u00f6mork, bak\u0131m\u0131 her sezon \u00e7ok d\u00fczenli bir \u015fekilde sahibi taraf\u0131ndan yap\u0131lm\u0131\u015ft\u0131r.<br \/>\nKatk\u0131 tank\u0131 dahil de\u011fildir veya ayr\u0131ca sat\u0131n al\u0131nabilir.<\/p>\n","protected":false},"excerpt":{"rendered":"<p>51m3 Kapasite, Otomatik Kesim ve Kendinden Bileme Sistemi, ISOBUS uyumlu, Y\u00fck Alg\u0131lamaya Haz\u0131r 39 B\u0131\u00e7ak, Swing-Out Sal\u0131n\u0131ml\u0131 B\u0131\u00e7ak \u00dcnitesi, Otomatik Y\u00fckleme, A\u011f\u0131r \u00c7al\u0131\u015fmaya Uygun B\u00fcy\u00fck Boy Lastikler M\u00fckemmel bir r\u00f6mork, bak\u0131m\u0131 her sezon \u00e7ok d\u00fczenli bir \u015fekilde sahibi taraf\u0131ndan yap\u0131lm\u0131\u015ft\u0131r. Katk\u0131 tank\u0131 dahil de\u011fildir veya ayr\u0131ca sat\u0131n al\u0131nabilir.<\/p>\n","protected":false},"featured_media":7235,"template":"","meta":[],"product_cat":[447,212],"product_tag":[492,399,471,389,297,460,519,396],"class_list":{"0":"post-7234","1":"product","2":"type-product","3":"status-publish","4":"has-post-thumbnail","6":"product_brand-pottinger","7":"product_cat-hasat-harman-makineleri","8":"product_cat-tarim-makine-ve-ekipmanlari","9":"product_tag-hayvancilik","10":"product_tag-hayvancilik-ekipmanlari","11":"product_tag-hayvancilik-makineleri","12":"product_tag-romorklar","13":"product_tag-yem-grubu","14":"product_tag-yem-hasat-makineleri","15":"product_tag-yem-hasat-romorku","16":"product_tag-yem-vagonlari","18":"first","19":"instock","20":"taxable","21":"shipping-taxable","22":"product-type-external","23":"col-xs-6 col-sm-4","24":"col-md-3 col-lg-3","25":"un-4-cols"},"_links":{"self":[{"href":"https:\/\/www.agriomarket.com\/index.php\/wp-json\/wp\/v2\/product\/7234","targetHints":{"allow":["GET"]}}],"collection":[{"href":"https:\/\/www.agriomarket.com\/index.php\/wp-json\/wp\/v2\/product"}],"about":[{"href":"https:\/\/www.agriomarket.com\/index.php\/wp-json\/wp\/v2\/types\/product"}],"wp:featuredmedia":[{"embeddable":true,"href":"https:\/\/www.agriomarket.com\/index.php\/wp-json\/wp\/v2\/media\/7235"}],"wp:attachment":[{"href":"https:\/\/www.agriomarket.com\/index.php\/wp-json\/wp\/v2\/media?parent=7234"}],"wp:term":[{"taxonomy":"product_cat","embeddable":true,"href":"https:\/\/www.agriomarket.com\/index.php\/wp-json\/wp\/v2\/product_cat?post=7234"},{"taxonomy":"product_tag","embeddable":true,"href":"https:\/\/www.agriomarket.com\/index.php\/wp-json\/wp\/v2\/product_tag?post=7234"}],"curies":[{"name":"wp","href":"https:\/\/api.w.org\/{rel}","templated":true}]}}