{"id":7240,"date":"2022-03-09T14:03:25","date_gmt":"2022-03-09T11:03:25","guid":{"rendered":"https:\/\/www.agrio.market\/?post_type=product&#038;p=7240"},"modified":"2022-03-21T09:14:35","modified_gmt":"2022-03-21T06:14:35","slug":"2020-pottinger-torro-6510l-yem-hasat-romorku","status":"publish","type":"product","link":"https:\/\/www.agriomarket.com\/index.php\/urun\/2020-pottinger-torro-6510l-yem-hasat-romorku\/","title":{"rendered":"2020 P\u00f6ttinger Torro 6510L Yem Hasat R\u00f6morku"},"content":{"rendered":"<p>65m3 Kapasite, 45 B\u0131\u00e7akl\u0131 D\u0131\u015far\u0131 A\u00e7\u0131l\u0131r B\u0131\u00e7ak \u00dcnitesi, Ters \u00c7evrilebilir B\u0131\u00e7aklar, D\u00fcmenleme Sistemli Akslar, Otomatik Y\u00fckleme, ISOBUS Uyumlu, Otomatik Toplama Sistemi, Arka ve Kabin Lambalar\u0131, \u0130\u015faret Lambas\u0131, Katk\u0131 Maddesi Aplikat\u00f6r\u00fc, Silindir Toplay\u0131c\u0131, Haval\u0131 Frenler<br \/>\nTek Bir Y\u00fckleme Yap\u0131lmam\u0131\u015f, Tertemiz Durumda, \u0130\u00e7 Mekanda Depolanm\u0131\u015f<\/p>\n","protected":false},"excerpt":{"rendered":"<p>65m3 Kapasite, 45 B\u0131\u00e7akl\u0131 D\u0131\u015far\u0131 A\u00e7\u0131l\u0131r B\u0131\u00e7ak \u00dcnitesi, Ters \u00c7evrilebilir B\u0131\u00e7aklar, D\u00fcmenleme Sistemli Akslar, Otomatik Y\u00fckleme, ISOBUS Uyumlu, Otomatik Toplama Sistemi, Arka ve Kabin Lambalar\u0131, \u0130\u015faret Lambas\u0131, Katk\u0131 Maddesi Aplikat\u00f6r\u00fc, Silindir Toplay\u0131c\u0131, Haval\u0131 Frenler Tek Bir Y\u00fckleme Yap\u0131lmam\u0131\u015f, Tertemiz Durumda, \u0130\u00e7 Mekanda Depolanm\u0131\u015f<\/p>\n","protected":false},"featured_media":7241,"template":"","meta":[],"product_cat":[387,212,446],"product_tag":[399,471,389,297,460,396],"class_list":{"0":"post-7240","1":"product","2":"type-product","3":"status-publish","4":"has-post-thumbnail","6":"product_brand-pottinger","7":"product_cat-hayvancilik-makine-ve-ekipmanlari","8":"product_cat-tarim-makine-ve-ekipmanlari","9":"product_cat-yem-hasat-makineleri","10":"product_tag-hayvancilik-ekipmanlari","11":"product_tag-hayvancilik-makineleri","12":"product_tag-romorklar","13":"product_tag-yem-grubu","14":"product_tag-yem-hasat-makineleri","15":"product_tag-yem-vagonlari","17":"first","18":"instock","19":"taxable","20":"shipping-taxable","21":"product-type-external","22":"col-xs-6 col-sm-4","23":"col-md-3 col-lg-3","24":"un-4-cols"},"_links":{"self":[{"href":"https:\/\/www.agriomarket.com\/index.php\/wp-json\/wp\/v2\/product\/7240","targetHints":{"allow":["GET"]}}],"collection":[{"href":"https:\/\/www.agriomarket.com\/index.php\/wp-json\/wp\/v2\/product"}],"about":[{"href":"https:\/\/www.agriomarket.com\/index.php\/wp-json\/wp\/v2\/types\/product"}],"wp:featuredmedia":[{"embeddable":true,"href":"https:\/\/www.agriomarket.com\/index.php\/wp-json\/wp\/v2\/media\/7241"}],"wp:attachment":[{"href":"https:\/\/www.agriomarket.com\/index.php\/wp-json\/wp\/v2\/media?parent=7240"}],"wp:term":[{"taxonomy":"product_cat","embeddable":true,"href":"https:\/\/www.agriomarket.com\/index.php\/wp-json\/wp\/v2\/product_cat?post=7240"},{"taxonomy":"product_tag","embeddable":true,"href":"https:\/\/www.agriomarket.com\/index.php\/wp-json\/wp\/v2\/product_tag?post=7240"}],"curies":[{"name":"wp","href":"https:\/\/api.w.org\/{rel}","templated":true}]}}