{"id":7248,"date":"2022-03-09T14:48:34","date_gmt":"2022-03-09T11:48:34","guid":{"rendered":"https:\/\/www.agrio.market\/?post_type=product&#038;p=7248"},"modified":"2022-03-17T10:45:56","modified_gmt":"2022-03-17T07:45:56","slug":"2021-foster-d750-yem-dagitma-romorku","status":"publish","type":"product","link":"https:\/\/www.agriomarket.com\/index.php\/urun\/2021-foster-d750-yem-dagitma-romorku\/","title":{"rendered":"2021 Foster D750 Yem Da\u011f\u0131tma R\u00f6morku"},"content":{"rendered":"<p>Foster D750 Yemleme R\u00f6morku<br \/>\nStandart \u00d6zellikler: Hidrolik tahrikli \u00e7apraz konvey\u00f6r, De\u011fi\u015fken h\u0131z kontrol\u00fc, \u00d6nden her iki tarafa bo\u015falt\u0131m.<\/p>\n","protected":false},"excerpt":{"rendered":"<p>Foster D750 Yemleme R\u00f6morku Standart \u00d6zellikler: Hidrolik tahrikli \u00e7apraz konvey\u00f6r, De\u011fi\u015fken h\u0131z kontrol\u00fc, \u00d6nden her iki tarafa bo\u015falt\u0131m.<\/p>\n","protected":false},"featured_media":7250,"template":"","meta":[],"product_cat":[387,212],"product_tag":[399,471,505,297,506,396,504],"class_list":{"0":"post-7248","1":"product","2":"type-product","3":"status-publish","4":"has-post-thumbnail","6":"product_brand-foster","7":"product_cat-hayvancilik-makine-ve-ekipmanlari","8":"product_cat-tarim-makine-ve-ekipmanlari","9":"product_tag-hayvancilik-ekipmanlari","10":"product_tag-hayvancilik-makineleri","11":"product_tag-yem-dagitici-romork","12":"product_tag-yem-grubu","13":"product_tag-yem-karma","14":"product_tag-yem-vagonlari","15":"product_tag-yemleme-romorku","17":"first","18":"instock","19":"taxable","20":"shipping-taxable","21":"product-type-external","22":"col-xs-6 col-sm-4","23":"col-md-3 col-lg-3","24":"un-4-cols"},"_links":{"self":[{"href":"https:\/\/www.agriomarket.com\/index.php\/wp-json\/wp\/v2\/product\/7248","targetHints":{"allow":["GET"]}}],"collection":[{"href":"https:\/\/www.agriomarket.com\/index.php\/wp-json\/wp\/v2\/product"}],"about":[{"href":"https:\/\/www.agriomarket.com\/index.php\/wp-json\/wp\/v2\/types\/product"}],"wp:featuredmedia":[{"embeddable":true,"href":"https:\/\/www.agriomarket.com\/index.php\/wp-json\/wp\/v2\/media\/7250"}],"wp:attachment":[{"href":"https:\/\/www.agriomarket.com\/index.php\/wp-json\/wp\/v2\/media?parent=7248"}],"wp:term":[{"taxonomy":"product_cat","embeddable":true,"href":"https:\/\/www.agriomarket.com\/index.php\/wp-json\/wp\/v2\/product_cat?post=7248"},{"taxonomy":"product_tag","embeddable":true,"href":"https:\/\/www.agriomarket.com\/index.php\/wp-json\/wp\/v2\/product_tag?post=7248"}],"curies":[{"name":"wp","href":"https:\/\/api.w.org\/{rel}","templated":true}]}}