{"id":7508,"date":"2022-03-18T10:29:24","date_gmt":"2022-03-18T07:29:24","guid":{"rendered":"https:\/\/www.agrio.market\/?post_type=product&#038;p=7508"},"modified":"2022-03-18T10:30:21","modified_gmt":"2022-03-18T07:30:21","slug":"sut-23","status":"publish","type":"product","link":"https:\/\/www.agriomarket.com\/index.php\/urun\/sut-23\/","title":{"rendered":"S\u00fct 23"},"content":{"rendered":"<p>\u00c7iftlik grubu \u00fcr\u00fcnlerinden S\u00fct 23 yemi; y\u00fcksek verimli s\u00fct s\u0131\u011f\u0131rlar\u0131 i\u00e7in tasarlanm\u0131\u015ft\u0131r.<\/p>\n","protected":false},"excerpt":{"rendered":"<p>\u00c7iftlik grubu \u00fcr\u00fcnlerinden S\u00fct 23 yemi; y\u00fcksek verimli s\u00fct s\u0131\u011f\u0131rlar\u0131 i\u00e7in tasarlanm\u0131\u015ft\u0131r.<\/p>\n","protected":false},"featured_media":7509,"template":"","meta":[],"product_cat":[211,236],"product_tag":[510,292,297],"class_list":{"0":"post-7508","1":"product","2":"type-product","3":"status-publish","4":"has-post-thumbnail","6":"product_brand-proyem","7":"product_cat-tarimsal-uretim-girdi-ve-hammadde","8":"product_cat-yem-grubu","9":"product_tag-kabul-yem-urunleri","10":"product_tag-uretim","11":"product_tag-yem-grubu","13":"first","14":"instock","15":"taxable","16":"shipping-taxable","17":"product-type-external","18":"col-xs-6 col-sm-4","19":"col-md-3 col-lg-3","20":"un-4-cols"},"_links":{"self":[{"href":"https:\/\/www.agriomarket.com\/index.php\/wp-json\/wp\/v2\/product\/7508","targetHints":{"allow":["GET"]}}],"collection":[{"href":"https:\/\/www.agriomarket.com\/index.php\/wp-json\/wp\/v2\/product"}],"about":[{"href":"https:\/\/www.agriomarket.com\/index.php\/wp-json\/wp\/v2\/types\/product"}],"wp:featuredmedia":[{"embeddable":true,"href":"https:\/\/www.agriomarket.com\/index.php\/wp-json\/wp\/v2\/media\/7509"}],"wp:attachment":[{"href":"https:\/\/www.agriomarket.com\/index.php\/wp-json\/wp\/v2\/media?parent=7508"}],"wp:term":[{"taxonomy":"product_cat","embeddable":true,"href":"https:\/\/www.agriomarket.com\/index.php\/wp-json\/wp\/v2\/product_cat?post=7508"},{"taxonomy":"product_tag","embeddable":true,"href":"https:\/\/www.agriomarket.com\/index.php\/wp-json\/wp\/v2\/product_tag?post=7508"}],"curies":[{"name":"wp","href":"https:\/\/api.w.org\/{rel}","templated":true}]}}