{"id":7522,"date":"2022-03-18T10:54:36","date_gmt":"2022-03-18T07:54:36","guid":{"rendered":"https:\/\/www.agrio.market\/?post_type=product&#038;p=7522"},"modified":"2022-03-18T10:56:35","modified_gmt":"2022-03-18T07:56:35","slug":"yumurtaci-2-yemi","status":"publish","type":"product","link":"https:\/\/www.agriomarket.com\/index.php\/urun\/yumurtaci-2-yemi\/","title":{"rendered":"Yumurtac\u0131 2 Yemi"},"content":{"rendered":"<p>Yumurtac\u0131 pili\u00e7lerin 9-18. haftalar aras\u0131 beslenmesinde kullan\u0131l\u0131r.<br \/>\nPili\u00e7lerin besin madde ihtiya\u00e7lar\u0131n\u0131 tek ba\u015f\u0131na kar\u015f\u0131lar.<\/p>\n<p>FAYDALARI<br \/>\n\u0130deal kas ve iskelet geli\u015fimi sa\u011flar.<br \/>\nYumurtlama \u00f6ncesi optimum canl\u0131 a\u011f\u0131rl\u0131k sa\u011flar.<\/p>\n<p>&nbsp;<\/p>\n","protected":false},"excerpt":{"rendered":"<p>Yumurtac\u0131 pili\u00e7lerin 9-18. haftalar aras\u0131 beslenmesinde kullan\u0131l\u0131r. Pili\u00e7lerin besin madde ihtiya\u00e7lar\u0131n\u0131 tek ba\u015f\u0131na kar\u015f\u0131lar. FAYDALARI \u0130deal kas ve iskelet geli\u015fimi sa\u011flar. Yumurtlama \u00f6ncesi optimum canl\u0131 a\u011f\u0131rl\u0131k sa\u011flar. &nbsp;<\/p>\n","protected":false},"featured_media":7523,"template":"","meta":[],"product_cat":[211,236],"product_tag":[512,511,292,297,513],"class_list":{"0":"post-7522","1":"product","2":"type-product","3":"status-publish","4":"has-post-thumbnail","6":"product_brand-proyem","7":"product_cat-tarimsal-uretim-girdi-ve-hammadde","8":"product_cat-yem-grubu","9":"product_tag-etlik-pilic-yemleri","10":"product_tag-kanatli-yemleri","11":"product_tag-uretim","12":"product_tag-yem-grubu","13":"product_tag-yumurta-yemleri","15":"first","16":"instock","17":"taxable","18":"shipping-taxable","19":"product-type-external","20":"col-xs-6 col-sm-4","21":"col-md-3 col-lg-3","22":"un-4-cols"},"_links":{"self":[{"href":"https:\/\/www.agriomarket.com\/index.php\/wp-json\/wp\/v2\/product\/7522","targetHints":{"allow":["GET"]}}],"collection":[{"href":"https:\/\/www.agriomarket.com\/index.php\/wp-json\/wp\/v2\/product"}],"about":[{"href":"https:\/\/www.agriomarket.com\/index.php\/wp-json\/wp\/v2\/types\/product"}],"wp:featuredmedia":[{"embeddable":true,"href":"https:\/\/www.agriomarket.com\/index.php\/wp-json\/wp\/v2\/media\/7523"}],"wp:attachment":[{"href":"https:\/\/www.agriomarket.com\/index.php\/wp-json\/wp\/v2\/media?parent=7522"}],"wp:term":[{"taxonomy":"product_cat","embeddable":true,"href":"https:\/\/www.agriomarket.com\/index.php\/wp-json\/wp\/v2\/product_cat?post=7522"},{"taxonomy":"product_tag","embeddable":true,"href":"https:\/\/www.agriomarket.com\/index.php\/wp-json\/wp\/v2\/product_tag?post=7522"}],"curies":[{"name":"wp","href":"https:\/\/api.w.org\/{rel}","templated":true}]}}