{"id":7530,"date":"2022-03-18T11:35:05","date_gmt":"2022-03-18T08:35:05","guid":{"rendered":"https:\/\/www.agrio.market\/?post_type=product&#038;p=7530"},"modified":"2022-03-18T12:04:35","modified_gmt":"2022-03-18T09:04:35","slug":"kuzu-yemi","status":"publish","type":"product","link":"https:\/\/www.agriomarket.com\/index.php\/urun\/kuzu-yemi\/","title":{"rendered":"Kuzu Yemi"},"content":{"rendered":"<p>Kuzular\u0131n do\u011fumdan itibaren 6 ayl\u0131k ya\u015fa kadar beslenmesinde kullan\u0131l\u0131r.<\/p>\n<p>Faydalar\u0131<br \/>\nKaliteli protein ve y\u00fcksek enerjisi ile kuzular\u0131n s\u00fcratli b\u00fcy\u00fcmesini sa\u011flar.<br \/>\n\u00d6zel form\u00fclasyonu sayesinde sidik zoru (idrar ta\u015f\u0131) olu\u015fumunu engeller.<br \/>\nDengeli vitamin ve mineral i\u00e7eri\u011fi ile ba\u011f\u0131\u015f\u0131kl\u0131\u011f\u0131 destekler.<\/p>\n<p>&nbsp;<\/p>\n","protected":false},"excerpt":{"rendered":"<p>Kuzular\u0131n do\u011fumdan itibaren 6 ayl\u0131k ya\u015fa kadar beslenmesinde kullan\u0131l\u0131r. Faydalar\u0131 Kaliteli protein ve y\u00fcksek enerjisi ile kuzular\u0131n s\u00fcratli b\u00fcy\u00fcmesini sa\u011flar. \u00d6zel form\u00fclasyonu sayesinde sidik zoru (idrar ta\u015f\u0131) olu\u015fumunu engeller. Dengeli vitamin ve mineral i\u00e7eri\u011fi ile ba\u011f\u0131\u015f\u0131kl\u0131\u011f\u0131 destekler. &nbsp;<\/p>\n","protected":false},"featured_media":7536,"template":"","meta":[],"product_cat":[211,236],"product_tag":[514,517,292,297],"class_list":{"0":"post-7530","1":"product","2":"type-product","3":"status-publish","4":"has-post-thumbnail","6":"product_brand-proyem","7":"product_cat-tarimsal-uretim-girdi-ve-hammadde","8":"product_cat-yem-grubu","9":"product_tag-kucukbas-yemleri","10":"product_tag-kuzu-yemi","11":"product_tag-uretim","12":"product_tag-yem-grubu","14":"first","15":"instock","16":"taxable","17":"shipping-taxable","18":"product-type-external","19":"col-xs-6 col-sm-4","20":"col-md-3 col-lg-3","21":"un-4-cols"},"_links":{"self":[{"href":"https:\/\/www.agriomarket.com\/index.php\/wp-json\/wp\/v2\/product\/7530","targetHints":{"allow":["GET"]}}],"collection":[{"href":"https:\/\/www.agriomarket.com\/index.php\/wp-json\/wp\/v2\/product"}],"about":[{"href":"https:\/\/www.agriomarket.com\/index.php\/wp-json\/wp\/v2\/types\/product"}],"wp:featuredmedia":[{"embeddable":true,"href":"https:\/\/www.agriomarket.com\/index.php\/wp-json\/wp\/v2\/media\/7536"}],"wp:attachment":[{"href":"https:\/\/www.agriomarket.com\/index.php\/wp-json\/wp\/v2\/media?parent=7530"}],"wp:term":[{"taxonomy":"product_cat","embeddable":true,"href":"https:\/\/www.agriomarket.com\/index.php\/wp-json\/wp\/v2\/product_cat?post=7530"},{"taxonomy":"product_tag","embeddable":true,"href":"https:\/\/www.agriomarket.com\/index.php\/wp-json\/wp\/v2\/product_tag?post=7530"}],"curies":[{"name":"wp","href":"https:\/\/api.w.org\/{rel}","templated":true}]}}