{"id":7612,"date":"2022-03-22T10:51:38","date_gmt":"2022-03-22T07:51:38","guid":{"rendered":"https:\/\/www.agrio.market\/?post_type=product&#038;p=7612"},"modified":"2022-03-22T10:55:27","modified_gmt":"2022-03-22T07:55:27","slug":"korfithan-ec-250","status":"publish","type":"product","link":"https:\/\/www.agriomarket.com\/index.php\/urun\/korfithan-ec-250\/","title":{"rendered":"Korfithan  EC 250"},"content":{"rendered":"<p>KORF\u0130THAN EC 250 adl\u0131 bitki koruma \u00fcr\u00fcn\u00fc, etki mekanizmas\u0131na g\u00f6re Grup G1:3 olarak s\u0131n\u0131fland\u0131r\u0131lm\u0131\u015f bir fungisittir. Bitki: Arpa, Ba\u011f, H\u0131yar (Sera), H\u0131yar (Tarla) &#8211; Aktif Madde: 250 g\/L Triadimenol &#8211; Zararl\u0131lar: K\u00fclleme (Erysiphe cichoracearum Sphaerotherafuliginea ), K\u00fclleme (Erysiphe necator), Tah\u0131l k\u00fcllemesi (Erysiphe graminis.)<\/p>\n","protected":false},"excerpt":{"rendered":"<p>KORF\u0130THAN EC 250 adl\u0131 bitki koruma \u00fcr\u00fcn\u00fc, etki mekanizmas\u0131na g\u00f6re Grup G1:3 olarak s\u0131n\u0131fland\u0131r\u0131lm\u0131\u015f bir fungisittir. Bitki: Arpa, Ba\u011f, H\u0131yar (Sera), H\u0131yar (Tarla) &#8211; Aktif Madde: 250 g\/L Triadimenol &#8211; Zararl\u0131lar: K\u00fclleme (Erysiphe cichoracearum Sphaerotherafuliginea ), K\u00fclleme (Erysiphe necator), Tah\u0131l k\u00fcllemesi (Erysiphe graminis.)<\/p>\n","protected":false},"featured_media":7613,"template":"","meta":[],"product_cat":[235,211],"product_tag":[542,296,292],"class_list":{"0":"post-7612","1":"product","2":"type-product","3":"status-publish","4":"has-post-thumbnail","6":"product_brand-koruma","7":"product_cat-tarimsal-ilac","8":"product_cat-tarimsal-uretim-girdi-ve-hammadde","9":"product_tag-fungisit","10":"product_tag-tarim-ilaclari","11":"product_tag-uretim","13":"first","14":"instock","15":"taxable","16":"shipping-taxable","17":"product-type-external","18":"col-xs-6 col-sm-4","19":"col-md-3 col-lg-3","20":"un-4-cols"},"_links":{"self":[{"href":"https:\/\/www.agriomarket.com\/index.php\/wp-json\/wp\/v2\/product\/7612","targetHints":{"allow":["GET"]}}],"collection":[{"href":"https:\/\/www.agriomarket.com\/index.php\/wp-json\/wp\/v2\/product"}],"about":[{"href":"https:\/\/www.agriomarket.com\/index.php\/wp-json\/wp\/v2\/types\/product"}],"wp:featuredmedia":[{"embeddable":true,"href":"https:\/\/www.agriomarket.com\/index.php\/wp-json\/wp\/v2\/media\/7613"}],"wp:attachment":[{"href":"https:\/\/www.agriomarket.com\/index.php\/wp-json\/wp\/v2\/media?parent=7612"}],"wp:term":[{"taxonomy":"product_cat","embeddable":true,"href":"https:\/\/www.agriomarket.com\/index.php\/wp-json\/wp\/v2\/product_cat?post=7612"},{"taxonomy":"product_tag","embeddable":true,"href":"https:\/\/www.agriomarket.com\/index.php\/wp-json\/wp\/v2\/product_tag?post=7612"}],"curies":[{"name":"wp","href":"https:\/\/api.w.org\/{rel}","templated":true}]}}