{"id":7626,"date":"2022-03-22T12:05:37","date_gmt":"2022-03-22T09:05:37","guid":{"rendered":"https:\/\/www.agrio.market\/?post_type=product&#038;p=7626"},"modified":"2022-03-22T12:08:21","modified_gmt":"2022-03-22T09:08:21","slug":"buzagi-baslangic-yemi-50kg","status":"publish","type":"product","link":"https:\/\/www.agriomarket.com\/index.php\/urun\/buzagi-baslangic-yemi-50kg\/","title":{"rendered":"Buza\u011f\u0131 Ba\u015flang\u0131\u00e7 Yemi &#8211; 50KG"},"content":{"rendered":"<p>Buza\u011f\u0131 Ba\u015flang\u0131\u00e7 Yemi, yeni do\u011fan buza\u011f\u0131lar\u0131n 4. g\u00fcnden 60. g\u00fcne kadar t\u00fcketmeleri i\u00e7in \u00fcretilmi\u015f; sindirimi kolay, biyo-yararl\u0131l\u0131\u011f\u0131 y\u00fcksek ve lezzetli bir tamamlay\u0131c\u0131 yemdir.<br \/>\nBa\u015fta enerji, protein, mineral ve vitamin olmak \u00fczere buza\u011f\u0131lar\u0131n ya\u015fama pay\u0131 ve b\u00fcy\u00fcme pay\u0131 ihtiya\u00e7lar\u0131n\u0131 kar\u015f\u0131layacak besin maddelerinin t\u00fcm\u00fcn\u00fc dengeli bir bi\u00e7imde i\u00e7ermektedir. Buza\u011f\u0131 Ba\u015flang\u0131\u00e7 yemi, Rumen geli\u015fimini h\u0131zland\u0131rarak buza\u011f\u0131lar\u0131n daha erken s\u00fctten kesilmesini sa\u011flar ayr\u0131ca, bu d\u00f6nemde ya\u015fanabilecek bir tak\u0131m olumsuzluklar\u0131 engeller ve maksimum canl\u0131 a\u011f\u0131rl\u0131k art\u0131\u015f\u0131 sa\u011flar.<\/p>\n","protected":false},"excerpt":{"rendered":"<p>Buza\u011f\u0131 Ba\u015flang\u0131\u00e7 Yemi, yeni do\u011fan buza\u011f\u0131lar\u0131n 4. g\u00fcnden 60. g\u00fcne kadar t\u00fcketmeleri i\u00e7in \u00fcretilmi\u015f; sindirimi kolay, biyo-yararl\u0131l\u0131\u011f\u0131 y\u00fcksek ve lezzetli bir tamamlay\u0131c\u0131 yemdir. Ba\u015fta enerji, protein, mineral ve vitamin olmak \u00fczere buza\u011f\u0131lar\u0131n ya\u015fama pay\u0131 ve b\u00fcy\u00fcme pay\u0131 ihtiya\u00e7lar\u0131n\u0131 kar\u015f\u0131layacak besin maddelerinin t\u00fcm\u00fcn\u00fc dengeli bir bi\u00e7imde i\u00e7ermektedir. Buza\u011f\u0131 Ba\u015flang\u0131\u00e7 yemi, Rumen geli\u015fimini h\u0131zland\u0131rarak buza\u011f\u0131lar\u0131n daha erken&hellip;<\/p>\n","protected":false},"featured_media":7627,"template":"","meta":[],"product_cat":[211,236],"product_tag":[441,442,292,297],"class_list":{"0":"post-7626","1":"product","2":"type-product","3":"status-publish","4":"has-post-thumbnail","6":"product_brand-tarim-kredi-yem","7":"product_cat-tarimsal-uretim-girdi-ve-hammadde","8":"product_cat-yem-grubu","9":"product_tag-buyukbas-yemleri","10":"product_tag-buzagi-yemleri","11":"product_tag-uretim","12":"product_tag-yem-grubu","14":"first","15":"instock","16":"taxable","17":"shipping-taxable","18":"product-type-external","19":"col-xs-6 col-sm-4","20":"col-md-3 col-lg-3","21":"un-4-cols"},"_links":{"self":[{"href":"https:\/\/www.agriomarket.com\/index.php\/wp-json\/wp\/v2\/product\/7626","targetHints":{"allow":["GET"]}}],"collection":[{"href":"https:\/\/www.agriomarket.com\/index.php\/wp-json\/wp\/v2\/product"}],"about":[{"href":"https:\/\/www.agriomarket.com\/index.php\/wp-json\/wp\/v2\/types\/product"}],"wp:featuredmedia":[{"embeddable":true,"href":"https:\/\/www.agriomarket.com\/index.php\/wp-json\/wp\/v2\/media\/7627"}],"wp:attachment":[{"href":"https:\/\/www.agriomarket.com\/index.php\/wp-json\/wp\/v2\/media?parent=7626"}],"wp:term":[{"taxonomy":"product_cat","embeddable":true,"href":"https:\/\/www.agriomarket.com\/index.php\/wp-json\/wp\/v2\/product_cat?post=7626"},{"taxonomy":"product_tag","embeddable":true,"href":"https:\/\/www.agriomarket.com\/index.php\/wp-json\/wp\/v2\/product_tag?post=7626"}],"curies":[{"name":"wp","href":"https:\/\/api.w.org\/{rel}","templated":true}]}}