{"id":7683,"date":"2022-03-22T14:00:19","date_gmt":"2022-03-22T11:00:19","guid":{"rendered":"https:\/\/www.agrio.market\/?post_type=product&#038;p=7683"},"modified":"2022-03-22T14:00:57","modified_gmt":"2022-03-22T11:00:57","slug":"yumurta-tavuk-2-donem-yemi-50-kg","status":"publish","type":"product","link":"https:\/\/www.agriomarket.com\/index.php\/urun\/yumurta-tavuk-2-donem-yemi-50-kg\/","title":{"rendered":"Yumurta Tavuk 2.D\u00f6nem Yemi \u2013 50 KG"},"content":{"rendered":"<p>Yumurta Tavuk 2.D\u00f6nem Yemi, yumurtac\u0131 tavuklarda 40.hafta ve sonras\u0131nda kullan\u0131lan toz, gran\u00fcl, pelet formunda dengeli ve sindirimi kolay tamamlay\u0131c\u0131 bir yem olarak \u00fcretilmi\u015ftir.Vitamin, esansiyel amino asit, makro ve mikro mineral elementleri yeterli ve dengeli bir \u015fekilde i\u00e7ermektedir. Yumurta Tavuk 2.D\u00f6nem Yemi, en az % 15.5 oran\u0131nda ham protein i\u00e7erir.<\/p>\n","protected":false},"excerpt":{"rendered":"<p>Yumurta Tavuk 2.D\u00f6nem Yemi, yumurtac\u0131 tavuklarda 40.hafta ve sonras\u0131nda kullan\u0131lan toz, gran\u00fcl, pelet formunda dengeli ve sindirimi kolay tamamlay\u0131c\u0131 bir yem olarak \u00fcretilmi\u015ftir.Vitamin, esansiyel amino asit, makro ve mikro mineral elementleri yeterli ve dengeli bir \u015fekilde i\u00e7ermektedir. Yumurta Tavuk 2.D\u00f6nem Yemi, en az % 15.5 oran\u0131nda ham protein i\u00e7erir.<\/p>\n","protected":false},"featured_media":7678,"template":"","meta":[],"product_cat":[211,236],"product_tag":[511,292,297],"class_list":{"0":"post-7683","1":"product","2":"type-product","3":"status-publish","4":"has-post-thumbnail","6":"product_brand-tarim-kredi-yem","7":"product_cat-tarimsal-uretim-girdi-ve-hammadde","8":"product_cat-yem-grubu","9":"product_tag-kanatli-yemleri","10":"product_tag-uretim","11":"product_tag-yem-grubu","13":"first","14":"instock","15":"taxable","16":"shipping-taxable","17":"product-type-external","18":"col-xs-6 col-sm-4","19":"col-md-3 col-lg-3","20":"un-4-cols"},"_links":{"self":[{"href":"https:\/\/www.agriomarket.com\/index.php\/wp-json\/wp\/v2\/product\/7683","targetHints":{"allow":["GET"]}}],"collection":[{"href":"https:\/\/www.agriomarket.com\/index.php\/wp-json\/wp\/v2\/product"}],"about":[{"href":"https:\/\/www.agriomarket.com\/index.php\/wp-json\/wp\/v2\/types\/product"}],"wp:featuredmedia":[{"embeddable":true,"href":"https:\/\/www.agriomarket.com\/index.php\/wp-json\/wp\/v2\/media\/7678"}],"wp:attachment":[{"href":"https:\/\/www.agriomarket.com\/index.php\/wp-json\/wp\/v2\/media?parent=7683"}],"wp:term":[{"taxonomy":"product_cat","embeddable":true,"href":"https:\/\/www.agriomarket.com\/index.php\/wp-json\/wp\/v2\/product_cat?post=7683"},{"taxonomy":"product_tag","embeddable":true,"href":"https:\/\/www.agriomarket.com\/index.php\/wp-json\/wp\/v2\/product_tag?post=7683"}],"curies":[{"name":"wp","href":"https:\/\/api.w.org\/{rel}","templated":true}]}}