{"id":7690,"date":"2022-03-23T08:01:27","date_gmt":"2022-03-23T05:01:27","guid":{"rendered":"https:\/\/www.agrio.market\/?post_type=product&#038;p=7690"},"modified":"2022-03-23T08:21:04","modified_gmt":"2022-03-23T05:21:04","slug":"power-besi-yemi","status":"publish","type":"product","link":"https:\/\/www.agriomarket.com\/index.php\/urun\/power-besi-yemi\/","title":{"rendered":"Power Besi Yemi"},"content":{"rendered":"<p>Y\u00fcksek konsantre besi sistemi i\u00e7in \u00f6zel form\u00fcle edilmi\u015ftir.<br \/>\n%16 Oran\u0131nda kaliteli protein i\u00e7erir. Bu sayede b\u00fcy\u00fcme ve kas geli\u015fimni en y\u00fcksek seviyede tutar. \u0130deal fermantasyon yap\u0131s\u0131ndan dolay\u0131 mikrobiyal protein sentezi y\u00fcksektir.<br \/>\nRumende propiyonik asit \u00fcretimi ve buna paralel canl\u0131 a\u011f\u0131rl\u0131k art\u0131\u015f\u0131n\u0131 maksimize etmek i\u00e7in y\u00fcksek oranda fermente olabilir karbonhidrat i\u00e7erir.<br \/>\nT\u00fcm besi d\u00f6nemi boyunca besi hayvanlar\u0131 i\u00e7in ideal vitamin mineral kombinasyonuna sahiptir.<br \/>\nEt kalitesini ve raf \u00f6mr\u00fc\u00fcn\u00fc artt\u0131rmak i\u00e7in y\u00fcksek oranda E vitamini i\u00e7erir.<br \/>\nOlu\u015fabilecek asidoz vakalar\u0131n\u0131 azaltmak i\u00e7in rumen tamponlay\u0131c\u0131lar ve canl\u0131 maya i\u00e7erir.<br \/>\nLaminitisi \u00f6nlemek ve geli\u015fimi te\u015fvik emtek i\u00e7in organik \u00e7inko, bak\u0131r, mangan ve biotin i\u00e7erir.<br \/>\nCanl\u0131 maya; canl\u0131 maya rumen pH&#8217;\u0131n\u0131 d\u00fczenlemekte, sindirim oran\u0131n\u0131 ve canl\u0131 a\u011f\u0131rl\u0131k art\u0131\u015f\u0131n\u0131 artt\u0131rmaktad\u0131r.<\/p>\n<p>&nbsp;<\/p>\n<p>&nbsp;<\/p>\n","protected":false},"excerpt":{"rendered":"<p>Y\u00fcksek konsantre besi sistemi i\u00e7in \u00f6zel form\u00fcle edilmi\u015ftir. %16 Oran\u0131nda kaliteli protein i\u00e7erir. Bu sayede b\u00fcy\u00fcme ve kas geli\u015fimni en y\u00fcksek seviyede tutar. \u0130deal fermantasyon yap\u0131s\u0131ndan dolay\u0131 mikrobiyal protein sentezi y\u00fcksektir. Rumende propiyonik asit \u00fcretimi ve buna paralel canl\u0131 a\u011f\u0131rl\u0131k art\u0131\u015f\u0131n\u0131 maksimize etmek i\u00e7in y\u00fcksek oranda fermente olabilir karbonhidrat i\u00e7erir. T\u00fcm besi d\u00f6nemi boyunca besi&hellip;<\/p>\n","protected":false},"featured_media":7693,"template":"","meta":[],"product_cat":[211,236],"product_tag":[555,292,297],"class_list":{"0":"post-7690","1":"product","2":"type-product","3":"status-publish","4":"has-post-thumbnail","6":"product_brand-ofis-yem","7":"product_cat-tarimsal-uretim-girdi-ve-hammadde","8":"product_cat-yem-grubu","9":"product_tag-besi-yemi","10":"product_tag-uretim","11":"product_tag-yem-grubu","13":"first","14":"instock","15":"taxable","16":"shipping-taxable","17":"product-type-external","18":"col-xs-6 col-sm-4","19":"col-md-3 col-lg-3","20":"un-4-cols"},"_links":{"self":[{"href":"https:\/\/www.agriomarket.com\/index.php\/wp-json\/wp\/v2\/product\/7690","targetHints":{"allow":["GET"]}}],"collection":[{"href":"https:\/\/www.agriomarket.com\/index.php\/wp-json\/wp\/v2\/product"}],"about":[{"href":"https:\/\/www.agriomarket.com\/index.php\/wp-json\/wp\/v2\/types\/product"}],"wp:featuredmedia":[{"embeddable":true,"href":"https:\/\/www.agriomarket.com\/index.php\/wp-json\/wp\/v2\/media\/7693"}],"wp:attachment":[{"href":"https:\/\/www.agriomarket.com\/index.php\/wp-json\/wp\/v2\/media?parent=7690"}],"wp:term":[{"taxonomy":"product_cat","embeddable":true,"href":"https:\/\/www.agriomarket.com\/index.php\/wp-json\/wp\/v2\/product_cat?post=7690"},{"taxonomy":"product_tag","embeddable":true,"href":"https:\/\/www.agriomarket.com\/index.php\/wp-json\/wp\/v2\/product_tag?post=7690"}],"curies":[{"name":"wp","href":"https:\/\/api.w.org\/{rel}","templated":true}]}}