{"id":7699,"date":"2022-03-23T08:49:58","date_gmt":"2022-03-23T05:49:58","guid":{"rendered":"https:\/\/www.agrio.market\/?post_type=product&#038;p=7699"},"modified":"2022-03-23T08:52:50","modified_gmt":"2022-03-23T05:52:50","slug":"oskar-sut-yemi","status":"publish","type":"product","link":"https:\/\/www.agriomarket.com\/index.php\/urun\/oskar-sut-yemi\/","title":{"rendered":"Oskar S\u00fct Yemi"},"content":{"rendered":"<p>S\u00fct ineklerinde peak d\u00f6nemi i\u00e7in \u00f6zel form\u00fcle edilmi\u015ftir.<br \/>\n%23 oran\u0131nda protein i\u00e7erir. Y\u00fcksek oranda rumende par\u00e7alanmayan protein (bypass protein) i\u00e7erir.<br \/>\nRumende propiyonik asit, asetik asit \u00fcretimini artt\u0131rmak ve buna paralel s\u00fct verimini maksimize etmek i\u00e7in y\u00fcksek oranda dengeli fermente olabilir karbonhidrat i\u00e7erir<br \/>\nBypass ni\u015fasta i\u00e7erir.<br \/>\nT\u00fcm laktasyon d\u00f6nemi boyunca inekler i\u00e7in ideal vitamin mineral kombinasyonuna sahiptir.<br \/>\nRumende protein korumas\u0131 ve propiyonik asit art\u0131\u015f\u0131 i\u00e7in bitkisel extrakt i\u00e7erir.<br \/>\nOlu\u015fabilecek asidoz vakalar\u0131n\u0131 azaltmak ve lif sindirimini artt\u0131rmak i\u00e7in canl\u0131 maya i\u00e7erir.<br \/>\nS\u00fct kalitesini artt\u0131rmak ve asidozu \u00f6nlemek i\u00e7in magnezyum oksit ve sodyum bikarbonat i\u00e7erir.<br \/>\nLaminitisi \u00f6nlemek, s\u00fct verimini te\u015fvik etmek ve ba\u011f\u0131\u015f\u0131kl\u0131\u011f\u0131 artt\u0131rmak i\u00e7in organik \u00e7inko, bak\u0131r, mangan ve biotin i\u00e7erir.<br \/>\n\u00c7iftliklerde olu\u015fabilecek mikotosinlere kar\u015f\u0131 koruma sa\u011flamas\u0131 i\u00e7in toksin ba\u011flay\u0131c\u0131 i\u00e7erir.<\/p>\n","protected":false},"excerpt":{"rendered":"<p>S\u00fct ineklerinde peak d\u00f6nemi i\u00e7in \u00f6zel form\u00fcle edilmi\u015ftir. %23 oran\u0131nda protein i\u00e7erir. Y\u00fcksek oranda rumende par\u00e7alanmayan protein (bypass protein) i\u00e7erir. Rumende propiyonik asit, asetik asit \u00fcretimini artt\u0131rmak ve buna paralel s\u00fct verimini maksimize etmek i\u00e7in y\u00fcksek oranda dengeli fermente olabilir karbonhidrat i\u00e7erir Bypass ni\u015fasta i\u00e7erir. T\u00fcm laktasyon d\u00f6nemi boyunca inekler i\u00e7in ideal vitamin mineral kombinasyonuna&hellip;<\/p>\n","protected":false},"featured_media":7700,"template":"","meta":[],"product_cat":[211,236],"product_tag":[556,292,297],"class_list":{"0":"post-7699","1":"product","2":"type-product","3":"status-publish","4":"has-post-thumbnail","6":"product_brand-ofis-yem","7":"product_cat-tarimsal-uretim-girdi-ve-hammadde","8":"product_cat-yem-grubu","9":"product_tag-sut-yemi","10":"product_tag-uretim","11":"product_tag-yem-grubu","13":"first","14":"instock","15":"taxable","16":"shipping-taxable","17":"product-type-external","18":"col-xs-6 col-sm-4","19":"col-md-3 col-lg-3","20":"un-4-cols"},"_links":{"self":[{"href":"https:\/\/www.agriomarket.com\/index.php\/wp-json\/wp\/v2\/product\/7699","targetHints":{"allow":["GET"]}}],"collection":[{"href":"https:\/\/www.agriomarket.com\/index.php\/wp-json\/wp\/v2\/product"}],"about":[{"href":"https:\/\/www.agriomarket.com\/index.php\/wp-json\/wp\/v2\/types\/product"}],"wp:featuredmedia":[{"embeddable":true,"href":"https:\/\/www.agriomarket.com\/index.php\/wp-json\/wp\/v2\/media\/7700"}],"wp:attachment":[{"href":"https:\/\/www.agriomarket.com\/index.php\/wp-json\/wp\/v2\/media?parent=7699"}],"wp:term":[{"taxonomy":"product_cat","embeddable":true,"href":"https:\/\/www.agriomarket.com\/index.php\/wp-json\/wp\/v2\/product_cat?post=7699"},{"taxonomy":"product_tag","embeddable":true,"href":"https:\/\/www.agriomarket.com\/index.php\/wp-json\/wp\/v2\/product_tag?post=7699"}],"curies":[{"name":"wp","href":"https:\/\/api.w.org\/{rel}","templated":true}]}}