{"id":7705,"date":"2022-03-23T09:00:21","date_gmt":"2022-03-23T06:00:21","guid":{"rendered":"https:\/\/www.agrio.market\/?post_type=product&#038;p=7705"},"modified":"2022-03-23T09:01:31","modified_gmt":"2022-03-23T06:01:31","slug":"klasik-sut-yemi","status":"publish","type":"product","link":"https:\/\/www.agriomarket.com\/index.php\/urun\/klasik-sut-yemi\/","title":{"rendered":"Klasik S\u00fct Yemi"},"content":{"rendered":"<p>D\u00fc\u015f\u00fck verimli s\u00fct ineklerinin laktasyon d\u00f6neminde saman kullanan i\u015fletmeler i\u00e7in \u00f6zel form\u00fcle edilmi\u015ftir.<br \/>\n%19-21 Oran\u0131nda protein i\u00e7erir. Mikrobiyal fermantasyon yap\u0131s\u0131na uygun rumende par\u00e7alanabilen protein i\u00e7erir.<br \/>\nRumende ideal oranda fermente olabilir lifli karbonhidrat i\u00e7erir.<br \/>\nT\u00fcm laktasyon d\u00f6nemi boyunca inekler i\u00e7in ideal vitamin mineral kombinasyonuna sahiptir.<br \/>\nS\u00fct kalitesini artt\u0131rmak ve asidozu \u00f6nlemek i\u00e7in magnezyum oksit i\u00e7erir.<\/p>\n","protected":false},"excerpt":{"rendered":"<p>D\u00fc\u015f\u00fck verimli s\u00fct ineklerinin laktasyon d\u00f6neminde saman kullanan i\u015fletmeler i\u00e7in \u00f6zel form\u00fcle edilmi\u015ftir. %19-21 Oran\u0131nda protein i\u00e7erir. Mikrobiyal fermantasyon yap\u0131s\u0131na uygun rumende par\u00e7alanabilen protein i\u00e7erir. Rumende ideal oranda fermente olabilir lifli karbonhidrat i\u00e7erir. T\u00fcm laktasyon d\u00f6nemi boyunca inekler i\u00e7in ideal vitamin mineral kombinasyonuna sahiptir. S\u00fct kalitesini artt\u0131rmak ve asidozu \u00f6nlemek i\u00e7in magnezyum oksit i\u00e7erir.<\/p>\n","protected":false},"featured_media":7706,"template":"","meta":[],"product_cat":[211,236],"product_tag":[556,292,297],"class_list":{"0":"post-7705","1":"product","2":"type-product","3":"status-publish","4":"has-post-thumbnail","6":"product_brand-ofis-yem","7":"product_cat-tarimsal-uretim-girdi-ve-hammadde","8":"product_cat-yem-grubu","9":"product_tag-sut-yemi","10":"product_tag-uretim","11":"product_tag-yem-grubu","13":"first","14":"instock","15":"taxable","16":"shipping-taxable","17":"product-type-external","18":"col-xs-6 col-sm-4","19":"col-md-3 col-lg-3","20":"un-4-cols"},"_links":{"self":[{"href":"https:\/\/www.agriomarket.com\/index.php\/wp-json\/wp\/v2\/product\/7705","targetHints":{"allow":["GET"]}}],"collection":[{"href":"https:\/\/www.agriomarket.com\/index.php\/wp-json\/wp\/v2\/product"}],"about":[{"href":"https:\/\/www.agriomarket.com\/index.php\/wp-json\/wp\/v2\/types\/product"}],"wp:featuredmedia":[{"embeddable":true,"href":"https:\/\/www.agriomarket.com\/index.php\/wp-json\/wp\/v2\/media\/7706"}],"wp:attachment":[{"href":"https:\/\/www.agriomarket.com\/index.php\/wp-json\/wp\/v2\/media?parent=7705"}],"wp:term":[{"taxonomy":"product_cat","embeddable":true,"href":"https:\/\/www.agriomarket.com\/index.php\/wp-json\/wp\/v2\/product_cat?post=7705"},{"taxonomy":"product_tag","embeddable":true,"href":"https:\/\/www.agriomarket.com\/index.php\/wp-json\/wp\/v2\/product_tag?post=7705"}],"curies":[{"name":"wp","href":"https:\/\/api.w.org\/{rel}","templated":true}]}}