{"id":7730,"date":"2022-03-23T09:52:38","date_gmt":"2022-03-23T06:52:38","guid":{"rendered":"https:\/\/www.agrio.market\/?post_type=product&#038;p=7730"},"modified":"2022-03-23T09:55:17","modified_gmt":"2022-03-23T06:55:17","slug":"ege-buzagi-buyutme-yemi-50-kg","status":"publish","type":"product","link":"https:\/\/www.agriomarket.com\/index.php\/urun\/ege-buzagi-buyutme-yemi-50-kg\/","title":{"rendered":"Ege Buza\u011f\u0131 B\u00fcy\u00fctme Yemi 50 kg"},"content":{"rendered":"<p>Ege Buza\u011f\u0131 B\u00fcy\u00fctme Yemi; buza\u011f\u0131lar\u0131n 4. ay\u0131n ba\u015f\u0131ndan 6. ay\u0131n sonuna kadar ihtiya\u00e7 duyacaklar\u0131 besin \u00f6\u011felerini yeterli ,dengeli ve ekonomik olarak kar\u015f\u0131layan \u00f6zel bir yemdir.<\/p>\n<p>Rumenin fiziksel geli\u015fimini h\u0131zland\u0131rarak yemden yararlanmay\u0131 artt\u0131r\u0131r.<br \/>\nBuza\u011f\u0131lar\u0131n ba\u011f\u0131\u015f\u0131l\u0131k sistemlerini g\u00fc\u00e7lendirir.<br \/>\n\u0130\u00e7eri\u011finde bulunan y\u00fcksek sindirilebilirli\u011fe sahip ham maddeler sayesinde geli\u015fim performans\u0131n\u0131 artt\u0131r\u0131r.<br \/>\nKasapl\u0131k olarak yeti\u015ftirilecek erkek buza\u011f\u0131larda h\u0131zl\u0131 bir canl\u0131 a\u011f\u0131rl\u0131k art\u0131\u015f\u0131 ve d\u00f6nem sonunda y\u00fcksek karkas rand\u0131man\u0131 sa\u011flar.<br \/>\nY\u00fcksek b\u00fcy\u00fcme performans\u0131 ile di\u015filerde daha erken ya\u015fta dam\u0131zl\u0131kta kullanma olana\u011f\u0131 sa\u011flar.<br \/>\n\u00dcreme d\u00f6neminde y\u00fcksek oranda d\u00f6l tutma, verim d\u00f6neminde ise y\u00fcksek s\u00fct \u00fcretiminde etkin bir rol oynamaktad\u0131r.<\/p>\n","protected":false},"excerpt":{"rendered":"<p>Ege Buza\u011f\u0131 B\u00fcy\u00fctme Yemi; buza\u011f\u0131lar\u0131n 4. ay\u0131n ba\u015f\u0131ndan 6. ay\u0131n sonuna kadar ihtiya\u00e7 duyacaklar\u0131 besin \u00f6\u011felerini yeterli ,dengeli ve ekonomik olarak kar\u015f\u0131layan \u00f6zel bir yemdir. Rumenin fiziksel geli\u015fimini h\u0131zland\u0131rarak yemden yararlanmay\u0131 artt\u0131r\u0131r. Buza\u011f\u0131lar\u0131n ba\u011f\u0131\u015f\u0131l\u0131k sistemlerini g\u00fc\u00e7lendirir. \u0130\u00e7eri\u011finde bulunan y\u00fcksek sindirilebilirli\u011fe sahip ham maddeler sayesinde geli\u015fim performans\u0131n\u0131 artt\u0131r\u0131r. Kasapl\u0131k olarak yeti\u015ftirilecek erkek buza\u011f\u0131larda h\u0131zl\u0131 bir canl\u0131&hellip;<\/p>\n","protected":false},"featured_media":7731,"template":"","meta":[],"product_cat":[211,236],"product_tag":[441,442,292,297],"class_list":{"0":"post-7730","1":"product","2":"type-product","3":"status-publish","4":"has-post-thumbnail","6":"product_brand-camli","7":"product_cat-tarimsal-uretim-girdi-ve-hammadde","8":"product_cat-yem-grubu","9":"product_tag-buyukbas-yemleri","10":"product_tag-buzagi-yemleri","11":"product_tag-uretim","12":"product_tag-yem-grubu","14":"first","15":"instock","16":"taxable","17":"shipping-taxable","18":"product-type-external","19":"col-xs-6 col-sm-4","20":"col-md-3 col-lg-3","21":"un-4-cols"},"_links":{"self":[{"href":"https:\/\/www.agriomarket.com\/index.php\/wp-json\/wp\/v2\/product\/7730","targetHints":{"allow":["GET"]}}],"collection":[{"href":"https:\/\/www.agriomarket.com\/index.php\/wp-json\/wp\/v2\/product"}],"about":[{"href":"https:\/\/www.agriomarket.com\/index.php\/wp-json\/wp\/v2\/types\/product"}],"wp:featuredmedia":[{"embeddable":true,"href":"https:\/\/www.agriomarket.com\/index.php\/wp-json\/wp\/v2\/media\/7731"}],"wp:attachment":[{"href":"https:\/\/www.agriomarket.com\/index.php\/wp-json\/wp\/v2\/media?parent=7730"}],"wp:term":[{"taxonomy":"product_cat","embeddable":true,"href":"https:\/\/www.agriomarket.com\/index.php\/wp-json\/wp\/v2\/product_cat?post=7730"},{"taxonomy":"product_tag","embeddable":true,"href":"https:\/\/www.agriomarket.com\/index.php\/wp-json\/wp\/v2\/product_tag?post=7730"}],"curies":[{"name":"wp","href":"https:\/\/api.w.org\/{rel}","templated":true}]}}