{"id":7749,"date":"2022-03-23T10:18:45","date_gmt":"2022-03-23T07:18:45","guid":{"rendered":"https:\/\/www.agrio.market\/?post_type=product&#038;p=7749"},"modified":"2022-03-23T10:20:00","modified_gmt":"2022-03-23T07:20:00","slug":"ege-sut-19-yemi","status":"publish","type":"product","link":"https:\/\/www.agriomarket.com\/index.php\/urun\/ege-sut-19-yemi\/","title":{"rendered":"Ege S\u00fct 19 Yemi"},"content":{"rendered":"<p>Ege S\u00fct 19 Yemi; orta d\u00fczey s\u00fct verimine sahip s\u00fct ineklerinin laktasyon d\u00f6nemi boyunca besin madde ihtiya\u00e7lar\u0131n\u0131 kar\u015f\u0131layan enerji, protein, vitamin ve minerallerce dengeli ve ekonomik bir yemdir.<\/p>\n<p>Lezzetlidir, hayvanlar taraf\u0131ndan severek ve i\u015ftahla t\u00fcketilir.<br \/>\n\u0130\u015fletme karl\u0131l\u0131\u011f\u0131 i\u00e7in \u00f6zel olarak tasarlanm\u0131\u015f ekonomik bir yemdir.<br \/>\nUygun protein yap\u0131s\u0131yla dane (arpa, m\u0131s\u0131r) yemlerle birlikte kullan\u0131ma uygundur.<br \/>\nKalitesiz kaba yem kaynakl\u0131 rasyonlarda kaba yem sindirilebirli\u011fini artt\u0131r\u0131r.<br \/>\nS\u00fct s\u0131\u011f\u0131rlar\u0131n\u0131n ihtiya\u00e7 duydu\u011fu enerji,protein,vitamin ve minerallerce dengeli bir yemdir.<\/p>\n","protected":false},"excerpt":{"rendered":"<p>Ege S\u00fct 19 Yemi; orta d\u00fczey s\u00fct verimine sahip s\u00fct ineklerinin laktasyon d\u00f6nemi boyunca besin madde ihtiya\u00e7lar\u0131n\u0131 kar\u015f\u0131layan enerji, protein, vitamin ve minerallerce dengeli ve ekonomik bir yemdir. Lezzetlidir, hayvanlar taraf\u0131ndan severek ve i\u015ftahla t\u00fcketilir. \u0130\u015fletme karl\u0131l\u0131\u011f\u0131 i\u00e7in \u00f6zel olarak tasarlanm\u0131\u015f ekonomik bir yemdir. Uygun protein yap\u0131s\u0131yla dane (arpa, m\u0131s\u0131r) yemlerle birlikte kullan\u0131ma uygundur. Kalitesiz&hellip;<\/p>\n","protected":false},"featured_media":7750,"template":"","meta":[],"product_cat":[211,236],"product_tag":[441,556,292,297],"class_list":{"0":"post-7749","1":"product","2":"type-product","3":"status-publish","4":"has-post-thumbnail","6":"product_brand-camli","7":"product_cat-tarimsal-uretim-girdi-ve-hammadde","8":"product_cat-yem-grubu","9":"product_tag-buyukbas-yemleri","10":"product_tag-sut-yemi","11":"product_tag-uretim","12":"product_tag-yem-grubu","14":"first","15":"instock","16":"taxable","17":"shipping-taxable","18":"product-type-external","19":"col-xs-6 col-sm-4","20":"col-md-3 col-lg-3","21":"un-4-cols"},"_links":{"self":[{"href":"https:\/\/www.agriomarket.com\/index.php\/wp-json\/wp\/v2\/product\/7749","targetHints":{"allow":["GET"]}}],"collection":[{"href":"https:\/\/www.agriomarket.com\/index.php\/wp-json\/wp\/v2\/product"}],"about":[{"href":"https:\/\/www.agriomarket.com\/index.php\/wp-json\/wp\/v2\/types\/product"}],"wp:featuredmedia":[{"embeddable":true,"href":"https:\/\/www.agriomarket.com\/index.php\/wp-json\/wp\/v2\/media\/7750"}],"wp:attachment":[{"href":"https:\/\/www.agriomarket.com\/index.php\/wp-json\/wp\/v2\/media?parent=7749"}],"wp:term":[{"taxonomy":"product_cat","embeddable":true,"href":"https:\/\/www.agriomarket.com\/index.php\/wp-json\/wp\/v2\/product_cat?post=7749"},{"taxonomy":"product_tag","embeddable":true,"href":"https:\/\/www.agriomarket.com\/index.php\/wp-json\/wp\/v2\/product_tag?post=7749"}],"curies":[{"name":"wp","href":"https:\/\/api.w.org\/{rel}","templated":true}]}}