{"id":7771,"date":"2022-03-23T12:08:09","date_gmt":"2022-03-23T09:08:09","guid":{"rendered":"https:\/\/www.agrio.market\/?post_type=product&#038;p=7771"},"modified":"2022-03-23T12:16:56","modified_gmt":"2022-03-23T09:16:56","slug":"camli-yumurta-pik-yemi","status":"publish","type":"product","link":"https:\/\/www.agriomarket.com\/index.php\/urun\/camli-yumurta-pik-yemi\/","title":{"rendered":"\u00c7aml\u0131 Yumurta Pik Yemi"},"content":{"rendered":"<p>\u00c7aml\u0131 Yumurta Pik Yemi, y\u00fcksek verimli yumurtac\u0131 tavuklarda t\u00fcm verim d\u00f6nemi boyunca gerekli besin madde ihtiya\u00e7lar\u0131n\u0131 kar\u015f\u0131lamak \u00fczere \u00f6zel olarak \u00fcretilmi\u015ftir.<\/p>\n<p>Ca oran\u0131, y\u00fcksek yumurta verimini kar\u015f\u0131layacak \u015fekilde d\u00fczenlenmi\u015ftir.<br \/>\nDengeli rasyon yap\u0131s\u0131 ve i\u00e7erdi\u011fi enzimler ile Ca ve P yararlan\u0131m\u0131n\u0131 artt\u0131rarak, yumurta kabuk kalitesini iyile\u015ftirir.<br \/>\nSindirilebilirli\u011fi y\u00fcksek ham maddeler ve esansiyal amino asitler sayesinde geli\u015fimi destekler, yemden yararlanma kabiliyetini iyile\u015ftirir. Bu sayede yumurta veriminin uzun s\u00fcre maksimum seviyede kalmas\u0131n\u0131 sa\u011flar.<br \/>\nHayvansal protein kayna\u011f\u0131 kullan\u0131lmamaktad\u0131r.<br \/>\nDo\u011fal b\u00fcy\u00fctme fakt\u00f6rleri kullan\u0131lmaktad\u0131r. Antibiyotik i\u00e7ermez.<br \/>\nY\u00fcksek vitamin, mineral ve renk maddesi i\u00e7eri\u011fi ile yumurta kabuk kalitesi ve yumurta sar\u0131s\u0131nda beklenen performans\u0131 kar\u015f\u0131lamaktad\u0131r.<br \/>\n\u00c7aml\u0131 Yumurta Pik Yemi, sadece kanatl\u0131 hayvanlar\u0131n beslenmesinde kullan\u0131lmal\u0131d\u0131r. Gevi\u015f getiren hayvanlarda kullan\u0131lamaz.<\/p>\n","protected":false},"excerpt":{"rendered":"<p>\u00c7aml\u0131 Yumurta Pik Yemi, y\u00fcksek verimli yumurtac\u0131 tavuklarda t\u00fcm verim d\u00f6nemi boyunca gerekli besin madde ihtiya\u00e7lar\u0131n\u0131 kar\u015f\u0131lamak \u00fczere \u00f6zel olarak \u00fcretilmi\u015ftir. Ca oran\u0131, y\u00fcksek yumurta verimini kar\u015f\u0131layacak \u015fekilde d\u00fczenlenmi\u015ftir. Dengeli rasyon yap\u0131s\u0131 ve i\u00e7erdi\u011fi enzimler ile Ca ve P yararlan\u0131m\u0131n\u0131 artt\u0131rarak, yumurta kabuk kalitesini iyile\u015ftirir. Sindirilebilirli\u011fi y\u00fcksek ham maddeler ve esansiyal amino asitler sayesinde geli\u015fimi&hellip;<\/p>\n","protected":false},"featured_media":7772,"template":"","meta":[],"product_cat":[211,236],"product_tag":[511,292,297],"class_list":{"0":"post-7771","1":"product","2":"type-product","3":"status-publish","4":"has-post-thumbnail","6":"product_brand-camli","7":"product_cat-tarimsal-uretim-girdi-ve-hammadde","8":"product_cat-yem-grubu","9":"product_tag-kanatli-yemleri","10":"product_tag-uretim","11":"product_tag-yem-grubu","13":"first","14":"instock","15":"taxable","16":"shipping-taxable","17":"product-type-external","18":"col-xs-6 col-sm-4","19":"col-md-3 col-lg-3","20":"un-4-cols"},"_links":{"self":[{"href":"https:\/\/www.agriomarket.com\/index.php\/wp-json\/wp\/v2\/product\/7771","targetHints":{"allow":["GET"]}}],"collection":[{"href":"https:\/\/www.agriomarket.com\/index.php\/wp-json\/wp\/v2\/product"}],"about":[{"href":"https:\/\/www.agriomarket.com\/index.php\/wp-json\/wp\/v2\/types\/product"}],"wp:featuredmedia":[{"embeddable":true,"href":"https:\/\/www.agriomarket.com\/index.php\/wp-json\/wp\/v2\/media\/7772"}],"wp:attachment":[{"href":"https:\/\/www.agriomarket.com\/index.php\/wp-json\/wp\/v2\/media?parent=7771"}],"wp:term":[{"taxonomy":"product_cat","embeddable":true,"href":"https:\/\/www.agriomarket.com\/index.php\/wp-json\/wp\/v2\/product_cat?post=7771"},{"taxonomy":"product_tag","embeddable":true,"href":"https:\/\/www.agriomarket.com\/index.php\/wp-json\/wp\/v2\/product_tag?post=7771"}],"curies":[{"name":"wp","href":"https:\/\/api.w.org\/{rel}","templated":true}]}}