{"id":8214,"date":"2023-11-13T20:46:18","date_gmt":"2023-11-13T17:46:18","guid":{"rendered":"https:\/\/www.agriomarket.com\/?post_type=product&#038;p=8214"},"modified":"2023-11-13T20:46:18","modified_gmt":"2023-11-13T17:46:18","slug":"aytenabla","status":"publish","type":"product","link":"https:\/\/www.agriomarket.com\/index.php\/urun\/aytenabla\/","title":{"rendered":"AYTENABLA"},"content":{"rendered":"<ul>\n<li>\u00dcr\u00fcn ile ilgili fiyat teklifi talebinde<br \/>\nbulunabilirsiniz Alternatif \u00fcr\u00fcnler ile ilgili uzman ekibimize<br \/>\ntalep g\u00f6nderebilirsiniz. \u00dcr\u00fcn al\u0131m\u0131 ile ilgili finansal \u00e7\u00f6z\u00fcmler<br \/>\nkonusunda finans ekibimiz ile g\u00f6r\u00fc\u015fme talep<br \/>\nedebilirsiniz.<\/li>\n<\/ul>\n","protected":false},"excerpt":{"rendered":"<p>SERT\u0130F\u0130KALI BU\u011eDAY TOHUMU<\/p>\n","protected":false},"featured_media":8215,"template":"","meta":[],"product_cat":[211],"product_tag":[586],"class_list":{"0":"post-8214","1":"product","2":"type-product","3":"status-publish","4":"has-post-thumbnail","6":"product_cat-tarimsal-uretim-girdi-ve-hammadde","7":"product_tag-tohum","9":"first","10":"instock","11":"taxable","12":"shipping-taxable","13":"product-type-simple","14":"col-xs-6 col-sm-4","15":"col-md-3 col-lg-3","16":"un-4-cols"},"_links":{"self":[{"href":"https:\/\/www.agriomarket.com\/index.php\/wp-json\/wp\/v2\/product\/8214","targetHints":{"allow":["GET"]}}],"collection":[{"href":"https:\/\/www.agriomarket.com\/index.php\/wp-json\/wp\/v2\/product"}],"about":[{"href":"https:\/\/www.agriomarket.com\/index.php\/wp-json\/wp\/v2\/types\/product"}],"wp:featuredmedia":[{"embeddable":true,"href":"https:\/\/www.agriomarket.com\/index.php\/wp-json\/wp\/v2\/media\/8215"}],"wp:attachment":[{"href":"https:\/\/www.agriomarket.com\/index.php\/wp-json\/wp\/v2\/media?parent=8214"}],"wp:term":[{"taxonomy":"product_cat","embeddable":true,"href":"https:\/\/www.agriomarket.com\/index.php\/wp-json\/wp\/v2\/product_cat?post=8214"},{"taxonomy":"product_tag","embeddable":true,"href":"https:\/\/www.agriomarket.com\/index.php\/wp-json\/wp\/v2\/product_tag?post=8214"}],"curies":[{"name":"wp","href":"https:\/\/api.w.org\/{rel}","templated":true}]}}