{"id":8222,"date":"2023-11-13T20:45:20","date_gmt":"2023-11-13T17:45:20","guid":{"rendered":"https:\/\/www.agriomarket.com\/?post_type=product&#038;p=8222"},"modified":"2023-11-13T20:45:20","modified_gmt":"2023-11-13T17:45:20","slug":"flamura-85","status":"publish","type":"product","link":"https:\/\/www.agriomarket.com\/index.php\/urun\/flamura-85\/","title":{"rendered":"FLAMURA 85"},"content":{"rendered":"<p>&#8211; \u00dcr\u00fcn ile ilgili fiyat teklifi talebinde<br \/>\nbulunabilirsiniz.<br \/>\n&#8211; Alternatif \u00fcr\u00fcnler ile ilgili uzman ekibimize<br \/>\ntalep g\u00f6nderebilirsiniz.<br \/>\n&#8211; \u00dcr\u00fcn al\u0131m\u0131 ile ilgili finansal \u00e7\u00f6z\u00fcmler<br \/>\nkonusunda finans ekibimiz ile g\u00f6r\u00fc\u015fme talep<br \/>\nedebilirsiniz.<\/p>\n","protected":false},"excerpt":{"rendered":"<p>SERT\u0130F\u0130KALI BU\u011eDAY TOHUMU<\/p>\n","protected":false},"featured_media":8223,"template":"","meta":[],"product_cat":[211,233],"product_tag":[539,586,294],"class_list":{"0":"post-8222","1":"product","2":"type-product","3":"status-publish","4":"has-post-thumbnail","6":"product_cat-tarimsal-uretim-girdi-ve-hammadde","7":"product_cat-tohum-grubu","8":"product_tag-bugday-hasat","9":"product_tag-tohum","10":"product_tag-tohum-grubu","12":"first","13":"instock","14":"taxable","15":"shipping-taxable","16":"product-type-simple","17":"col-xs-6 col-sm-4","18":"col-md-3 col-lg-3","19":"un-4-cols"},"_links":{"self":[{"href":"https:\/\/www.agriomarket.com\/index.php\/wp-json\/wp\/v2\/product\/8222","targetHints":{"allow":["GET"]}}],"collection":[{"href":"https:\/\/www.agriomarket.com\/index.php\/wp-json\/wp\/v2\/product"}],"about":[{"href":"https:\/\/www.agriomarket.com\/index.php\/wp-json\/wp\/v2\/types\/product"}],"wp:featuredmedia":[{"embeddable":true,"href":"https:\/\/www.agriomarket.com\/index.php\/wp-json\/wp\/v2\/media\/8223"}],"wp:attachment":[{"href":"https:\/\/www.agriomarket.com\/index.php\/wp-json\/wp\/v2\/media?parent=8222"}],"wp:term":[{"taxonomy":"product_cat","embeddable":true,"href":"https:\/\/www.agriomarket.com\/index.php\/wp-json\/wp\/v2\/product_cat?post=8222"},{"taxonomy":"product_tag","embeddable":true,"href":"https:\/\/www.agriomarket.com\/index.php\/wp-json\/wp\/v2\/product_tag?post=8222"}],"curies":[{"name":"wp","href":"https:\/\/api.w.org\/{rel}","templated":true}]}}